{"id":1220,"date":"2020-07-13T09:49:47","date_gmt":"2020-07-13T09:49:47","guid":{"rendered":"https:\/\/www.criogel.it\/cookie-policy\/"},"modified":"2025-10-22T10:10:08","modified_gmt":"2025-10-22T10:10:08","slug":"cookie-policy","status":"publish","type":"page","link":"https:\/\/www.criogel.it\/de\/cookie-policy\/","title":{"rendered":"Cookie-Richtlinie"},"content":{"rendered":"<p><script id=\"CookieDeclaration\" src=\"https:\/\/consent.cookiebot.com\/13a5f190-541b-4666-817f-d0e002e30862\/cd.js\" type=\"text\/javascript\" async=\"\"><\/script><\/p>\n<p>Cookies von Drittanbietern sowie Links, \u00fcber die der Nutzer weitere Informationen erhalten und deren Deaktivierung beantragen kann, sind in der Liste der Dienste im Abschnitt \u201e<strong>Details zur Verarbeitung personenbezogener Daten<\/strong>\u201c aufgef\u00fchrt, auf den verwiesen wird.<br \/>\n<strong>Methoden der Datenverarbeitung<\/strong><br \/>\nDie Verarbeitung erfolgt mithilfe automatisierter Tools durch den Verantwortlichen. Es erfolgt keine Verbreitung oder Kommunikation.<br \/>\n<strong>Bereitstellung von Daten<\/strong><br \/>\nMit Ausnahme der f\u00fcr die normale Navigation unbedingt erforderlichen technischen Cookies unterliegt die Bereitstellung von Daten dem Willen des Interessenten, der sich nach dem Lesen der im entsprechenden Banner enthaltenen Kurzinformationen f\u00fcr das Surfen auf der Website und die Nutzung von Diensten Dritter entscheidet, die die Installation von Cookies beinhalten.<br \/>\nDer Interessent kann die Installation von Cookies daher verhindern, indem er das Banner ge\u00f6ffnet l\u00e4sst (und es daher nicht durch Klicken auf die Schaltfl\u00e4che \u201eOK\u201c schlie\u00dft), indem er alle oder einen Teil der von der Website verwendeten Cookie-Kategorien (Einstellungen, Statistiken, Marketing usw.) deaktiviert oder indem er die entsprechenden Funktionen seines Browsers nutzt.<br \/>\n<strong>Deaktivierung von Cookies<\/strong><br \/>\nZus\u00e4tzlich zu den Angaben in diesem Dokument kann der Benutzer seine Cookie-Einstellungen direkt in seinem Browser verwalten und beispielsweise die Installation von Cookies von Drittanbietern verhindern. Sie k\u00f6nnen auch zuvor installierte Cookies \u00fcber Ihre Browsereinstellungen l\u00f6schen, einschlie\u00dflich des Cookies, das m\u00f6glicherweise Ihre Zustimmung zur Installation von Cookies durch diese Website gespeichert hat. Bitte beachten Sie, dass das Deaktivieren aller Cookies die Funktionalit\u00e4t dieser Site beeintr\u00e4chtigen kann.<br \/>\n<!-- -->Jeder Browser verf\u00fcgt \u00fcber unterschiedliche Verfahren zum Verwalten der Einstellungen. Der Benutzer kann \u00fcber die folgenden Links spezifische Anweisungen erhalten.<br \/>\n<strong><a href=\"http:\/\/windows.microsoft.com\/it-it\/windows7\/block-enable-or-allow-cookies\" target=\"_blank\" rel=\"noopener noreferrer\">Microsoft Windows Explorer<\/a><\/strong><br \/>\n<strong><a href=\"https:\/\/support.google.com\/chrome\/bin\/answer.py?hl=it&amp;answer=95647&amp;p=cpn_cookies\" target=\"_blank\" rel=\"noopener noreferrer\">Google Chrome<\/a><\/strong><br \/>\n<strong><a href=\"https:\/\/support.mozilla.org\/it-IT\/kb\/Enabling%20and%20disabling%20cookies\" target=\"_blank\" rel=\"noopener noreferrer\">Mozilla Firefox<\/a><\/strong><br \/>\n<a href=\"https:\/\/support.apple.com\/kb\/PH17191?viewlocale=it_IT&amp;locale=it_IT\" target=\"_blank\" rel=\"noopener noreferrer\"><strong>Apple Safari<\/strong><\/a><br \/>\n<a href=\"http:\/\/help.opera.com\/Windows\/10.00\/it\/cookies.html\" target=\"_blank\" rel=\"noopener noreferrer\"><strong>Opera<\/strong><\/a><br \/>\nDie Deaktivierung von Cookies von Drittanbietern ist auch \u00fcber die Methoden m\u00f6glich, die direkt vom f\u00fcr die Verarbeitung verantwortlichen Drittanbieter bereitgestellt werden, wie in den Links<br \/>\nim Abschnitt \u201eCookies von Drittanbietern\u201c angegeben. Bei Diensten von Drittanbietern kann der Nutzer sein Widerspruchsrecht auch aus\u00fcben, indem er sich \u00fcber die Datenschutzbestimmungen des Drittanbieters informiert, den Abmeldelink nutzt, sofern dieser ausdr\u00fccklich angegeben ist, oder indem er sich direkt an den Drittanbieter wendet.<br \/>\nUm Informationen \u00fcber die auf Ihrem Ger\u00e4t gespeicherten Cookies zu erhalten und diese<br \/>\neinzeln zu deaktivieren, besuchen Sie bitte den folgenden Link:<br \/>\n<a href=\"http:\/\/www.youronlinechoices.com\/it\/le-tue-scelte\" target=\"_blank\" rel=\"noopener noreferrer\"><strong>http:\/\/www.youronlinechoices.com\/it\/le-tue-scelte<\/strong><\/a><\/p>\n","protected":false},"excerpt":{"rendered":"<p>Cookies von Drittanbietern sowie Links, \u00fcber die der Nutzer weitere Informationen erhalten und deren Deaktivierung beantragen kann, sind in der Liste der Dienste im Abschnitt \u201eDetails<span class=\"excerpt-hellip\"> [\u2026]<\/span><\/p>\n","protected":false},"author":2,"featured_media":0,"parent":0,"menu_order":0,"comment_status":"closed","ping_status":"open","template":"","meta":{"_acf_changed":false,"footnotes":""},"class_list":["post-1220","page","type-page","status-publish","hentry"],"acf":[],"yoast_head":"<!-- This site is optimized with the Yoast SEO plugin v26.2 - https:\/\/yoast.com\/wordpress\/plugins\/seo\/ -->\n<title>Cookie-Richtlinie | Criogel<\/title>\n<meta name=\"robots\" content=\"noindex, nofollow\" \/>\n<meta property=\"og:locale\" content=\"de_DE\" \/>\n<meta property=\"og:type\" content=\"article\" \/>\n<meta property=\"og:title\" content=\"Cookie-Richtlinie | Criogel\" \/>\n<meta property=\"og:description\" content=\"Cookies von Drittanbietern sowie Links, \u00fcber die der Nutzer weitere Informationen erhalten und deren Deaktivierung beantragen kann, sind in der Liste der Dienste im Abschnitt \u201eDetails [\u2026]\" \/>\n<meta property=\"og:url\" content=\"https:\/\/www.criogel.it\/de\/cookie-policy\/\" \/>\n<meta property=\"og:site_name\" content=\"Criogel\" \/>\n<meta property=\"article:modified_time\" content=\"2025-10-22T10:10:08+00:00\" \/>\n<meta name=\"twitter:card\" content=\"summary_large_image\" \/>\n<meta name=\"twitter:label1\" content=\"Gesch\u00e4tzte Lesezeit\" \/>\n\t<meta name=\"twitter:data1\" content=\"2\u00a0Minute\" \/>\n<script type=\"application\/ld+json\" class=\"yoast-schema-graph\">{\"@context\":\"https:\/\/schema.org\",\"@graph\":[{\"@type\":\"WebPage\",\"@id\":\"https:\/\/www.criogel.it\/de\/cookie-policy\/\",\"url\":\"https:\/\/www.criogel.it\/de\/cookie-policy\/\",\"name\":\"Cookie-Richtlinie | Criogel\",\"isPartOf\":{\"@id\":\"https:\/\/www.criogel.it\/de\/#website\"},\"datePublished\":\"2020-07-13T09:49:47+00:00\",\"dateModified\":\"2025-10-22T10:10:08+00:00\",\"breadcrumb\":{\"@id\":\"https:\/\/www.criogel.it\/de\/cookie-policy\/#breadcrumb\"},\"inLanguage\":\"de\",\"potentialAction\":[{\"@type\":\"ReadAction\",\"target\":[\"https:\/\/www.criogel.it\/de\/cookie-policy\/\"]}]},{\"@type\":\"BreadcrumbList\",\"@id\":\"https:\/\/www.criogel.it\/de\/cookie-policy\/#breadcrumb\",\"itemListElement\":[{\"@type\":\"ListItem\",\"position\":1,\"name\":\"Home\",\"item\":\"https:\/\/www.criogel.it\/de\/home\/\"},{\"@type\":\"ListItem\",\"position\":2,\"name\":\"Cookie-Richtlinie\"}]},{\"@type\":\"WebSite\",\"@id\":\"https:\/\/www.criogel.it\/de\/#website\",\"url\":\"https:\/\/www.criogel.it\/de\/\",\"name\":\"Criogel\",\"description\":\"Cold Rooms | Pure Polyurethane Sheets\",\"publisher\":{\"@id\":\"https:\/\/www.criogel.it\/de\/#organization\"},\"potentialAction\":[{\"@type\":\"SearchAction\",\"target\":{\"@type\":\"EntryPoint\",\"urlTemplate\":\"https:\/\/www.criogel.it\/de\/?s={search_term_string}\"},\"query-input\":{\"@type\":\"PropertyValueSpecification\",\"valueRequired\":true,\"valueName\":\"search_term_string\"}}],\"inLanguage\":\"de\"},{\"@type\":\"Organization\",\"@id\":\"https:\/\/www.criogel.it\/de\/#organization\",\"name\":\"Criogel S.r.l.\",\"url\":\"https:\/\/www.criogel.it\/de\/\",\"logo\":{\"@type\":\"ImageObject\",\"inLanguage\":\"de\",\"@id\":\"https:\/\/www.criogel.it\/de\/#\/schema\/logo\/image\/\",\"url\":\"https:\/\/www.criogel.it\/wp-content\/uploads\/2020\/04\/Logo_Criogel.jpg\",\"contentUrl\":\"https:\/\/www.criogel.it\/wp-content\/uploads\/2020\/04\/Logo_Criogel.jpg\",\"width\":350,\"height\":120,\"caption\":\"Criogel S.r.l.\"},\"image\":{\"@id\":\"https:\/\/www.criogel.it\/de\/#\/schema\/logo\/image\/\"}}]}<\/script>\n<!-- \/ Yoast SEO plugin. -->","yoast_head_json":{"title":"Cookie-Richtlinie | Criogel","robots":{"index":"noindex","follow":"nofollow"},"og_locale":"de_DE","og_type":"article","og_title":"Cookie-Richtlinie | Criogel","og_description":"Cookies von Drittanbietern sowie Links, \u00fcber die der Nutzer weitere Informationen erhalten und deren Deaktivierung beantragen kann, sind in der Liste der Dienste im Abschnitt \u201eDetails [\u2026]","og_url":"https:\/\/www.criogel.it\/de\/cookie-policy\/","og_site_name":"Criogel","article_modified_time":"2025-10-22T10:10:08+00:00","twitter_card":"summary_large_image","twitter_misc":{"Gesch\u00e4tzte Lesezeit":"2\u00a0Minute"},"schema":{"@context":"https:\/\/schema.org","@graph":[{"@type":"WebPage","@id":"https:\/\/www.criogel.it\/de\/cookie-policy\/","url":"https:\/\/www.criogel.it\/de\/cookie-policy\/","name":"Cookie-Richtlinie | Criogel","isPartOf":{"@id":"https:\/\/www.criogel.it\/de\/#website"},"datePublished":"2020-07-13T09:49:47+00:00","dateModified":"2025-10-22T10:10:08+00:00","breadcrumb":{"@id":"https:\/\/www.criogel.it\/de\/cookie-policy\/#breadcrumb"},"inLanguage":"de","potentialAction":[{"@type":"ReadAction","target":["https:\/\/www.criogel.it\/de\/cookie-policy\/"]}]},{"@type":"BreadcrumbList","@id":"https:\/\/www.criogel.it\/de\/cookie-policy\/#breadcrumb","itemListElement":[{"@type":"ListItem","position":1,"name":"Home","item":"https:\/\/www.criogel.it\/de\/home\/"},{"@type":"ListItem","position":2,"name":"Cookie-Richtlinie"}]},{"@type":"WebSite","@id":"https:\/\/www.criogel.it\/de\/#website","url":"https:\/\/www.criogel.it\/de\/","name":"Criogel","description":"Cold Rooms | Pure Polyurethane Sheets","publisher":{"@id":"https:\/\/www.criogel.it\/de\/#organization"},"potentialAction":[{"@type":"SearchAction","target":{"@type":"EntryPoint","urlTemplate":"https:\/\/www.criogel.it\/de\/?s={search_term_string}"},"query-input":{"@type":"PropertyValueSpecification","valueRequired":true,"valueName":"search_term_string"}}],"inLanguage":"de"},{"@type":"Organization","@id":"https:\/\/www.criogel.it\/de\/#organization","name":"Criogel S.r.l.","url":"https:\/\/www.criogel.it\/de\/","logo":{"@type":"ImageObject","inLanguage":"de","@id":"https:\/\/www.criogel.it\/de\/#\/schema\/logo\/image\/","url":"https:\/\/www.criogel.it\/wp-content\/uploads\/2020\/04\/Logo_Criogel.jpg","contentUrl":"https:\/\/www.criogel.it\/wp-content\/uploads\/2020\/04\/Logo_Criogel.jpg","width":350,"height":120,"caption":"Criogel S.r.l."},"image":{"@id":"https:\/\/www.criogel.it\/de\/#\/schema\/logo\/image\/"}}]}},"_links":{"self":[{"href":"https:\/\/www.criogel.it\/de\/wp-json\/wp\/v2\/pages\/1220","targetHints":{"allow":["GET"]}}],"collection":[{"href":"https:\/\/www.criogel.it\/de\/wp-json\/wp\/v2\/pages"}],"about":[{"href":"https:\/\/www.criogel.it\/de\/wp-json\/wp\/v2\/types\/page"}],"author":[{"embeddable":true,"href":"https:\/\/www.criogel.it\/de\/wp-json\/wp\/v2\/users\/2"}],"replies":[{"embeddable":true,"href":"https:\/\/www.criogel.it\/de\/wp-json\/wp\/v2\/comments?post=1220"}],"version-history":[{"count":2,"href":"https:\/\/www.criogel.it\/de\/wp-json\/wp\/v2\/pages\/1220\/revisions"}],"predecessor-version":[{"id":1222,"href":"https:\/\/www.criogel.it\/de\/wp-json\/wp\/v2\/pages\/1220\/revisions\/1222"}],"wp:attachment":[{"href":"https:\/\/www.criogel.it\/de\/wp-json\/wp\/v2\/media?parent=1220"}],"curies":[{"name":"wp","href":"https:\/\/api.w.org\/{rel}","templated":true}]}}