{"id":1218,"date":"2020-07-13T09:49:47","date_gmt":"2020-07-13T09:49:47","guid":{"rendered":"https:\/\/www.criogel.it\/cookie-policy\/"},"modified":"2025-10-22T10:07:42","modified_gmt":"2025-10-22T10:07:42","slug":"cookie-policy","status":"publish","type":"page","link":"https:\/\/www.criogel.it\/fr\/cookie-policy\/","title":{"rendered":"Cookie Policy"},"content":{"rendered":"<p><script id=\"CookieDeclaration\" src=\"https:\/\/consent.cookiebot.com\/13a5f190-541b-4666-817f-d0e002e30862\/cd.js\" type=\"text\/javascript\" async=\"\"><\/script><\/p>\n<h1>Politique relative aux cookies<\/h1>\n<p>Les cookies tiers, ainsi que les liens permettant \u00e0 l&rsquo;utilisateur d&rsquo;obtenir plus d&rsquo;informations et de demander leur d\u00e9sactivation, sont list\u00e9s dans la liste des services indiqu\u00e9e au paragraphe \u00ab\u00a0<a href=\"https:\/\/www.criogel.it\/fr\/privacy-policy\/#dettagli-trattamento-dati\"><strong>D\u00e9tails sur le traitement des donn\u00e9es personnelles<\/strong><\/a>\u00a0\u00bb, auquel il est fait r\u00e9f\u00e9rence.<br \/>\n<strong>Modalit\u00e9s de traitement<\/strong><br \/>\nLe traitement est effectu\u00e9 \u00e0 l&rsquo;aide d&rsquo;outils automatis\u00e9s par le Responsable du traitement. Aucune diffusion ni communication n&rsquo;a lieu.<br \/>\n<strong>Fourniture de donn\u00e9es<\/strong><br \/>\n\u00c0 l&rsquo;exception des cookies techniques strictement n\u00e9cessaires \u00e0 la navigation normale, la fourniture de donn\u00e9es est laiss\u00e9e \u00e0 la volont\u00e9 de l&rsquo;int\u00e9ress\u00e9 qui d\u00e9cide de naviguer sur le site apr\u00e8s avoir lu les br\u00e8ves informations contenues dans la banni\u00e8re correspondante et d&rsquo;utiliser des services tiers impliquant l&rsquo;installation de cookies.<br \/>\nL&rsquo;int\u00e9ress\u00e9 peut donc \u00e9viter l&rsquo;installation de cookies en maintenant la banni\u00e8re ouverte (et donc en s&rsquo;abstenant de la fermer en cliquant sur le bouton \u00ab\u00a0OK\u00a0\u00bb), en d\u00e9cochant tout ou partie des cat\u00e9gories de cookies utilis\u00e9es par le site (Pr\u00e9f\u00e9rences, Statistiques, Marketing, etc.), ainsi qu&rsquo;en utilisant les fonctions appropri\u00e9es disponibles sur son navigateur.<br \/>\n<strong>D\u00e9sactivation des cookies<\/strong><br \/>\nOutre les indications du pr\u00e9sent document, l&rsquo;Utilisateur peut g\u00e9rer ses pr\u00e9f\u00e9rences relatives aux Cookies directement dans son navigateur et emp\u00eacher, par exemple, l&rsquo;installation de tiers. Vous pouvez \u00e9galement supprimer les cookies pr\u00e9c\u00e9demment install\u00e9s via les pr\u00e9f\u00e9rences de votre navigateur, y compris le cookie qui a \u00e9ventuellement enregistr\u00e9 votre consentement \u00e0 l&rsquo;installation de cookies par ce site. Il est important de noter que la d\u00e9sactivation de tous les cookies peut compromettre la fonctionnalit\u00e9 de ce site.<br \/>\nChaque navigateur a des proc\u00e9dures diff\u00e9rentes pour g\u00e9rer les param\u00e8tres. L&rsquo;utilisateur peut obtenir des instructions sp\u00e9cifiques via les liens ci-dessous.<br \/>\n<strong><a href=\"http:\/\/windows.microsoft.com\/it-it\/windows7\/block-enable-or-allow-cookies\" target=\"_blank\" rel=\"noopener noreferrer\">Explorateur Microsoft Windows<\/a><\/strong><br \/>\n<strong><a href=\"https:\/\/support.google.com\/chrome\/bin\/answer.py?hl=it&amp;answer=95647&amp;p=cpn_cookies\" target=\"_blank\" rel=\"noopener noreferrer\">Google Chrome<\/a><\/strong><br \/>\n<strong><a href=\"https:\/\/support.mozilla.org\/it-IT\/kb\/Enabling%20and%20disabling%20cookies\" target=\"_blank\" rel=\"noopener noreferrer\">Mozilla Firefox<\/a><\/strong><br \/>\n<a href=\"https:\/\/support.apple.com\/kb\/PH17191?viewlocale=it_IT&amp;locale=it_IT\" target=\"_blank\" rel=\"noopener noreferrer\"><strong>Apple Safari<\/strong><\/a><br \/>\n<a href=\"http:\/\/help.opera.com\/Windows\/10.00\/it\/cookies.html\" target=\"_blank\" rel=\"noopener noreferrer\"><strong>Opera<\/strong><\/a><br \/>\nLa d\u00e9sactivation des cookies tiers est \u00e9galement possible via les m\u00e9thodes mises \u00e0 disposition directement par la soci\u00e9t\u00e9 tierce responsable dudit traitement, comme indiqu\u00e9 dans les liens<br \/>\ndu paragraphe \u00ab\u00a0Cookies tiers\u00a0\u00bb. Dans le cas de services fournis par des tiers, l&rsquo;Utilisateur peut \u00e9galement exercer son droit d&rsquo;opposition au suivi en se renseignant sur la politique de confidentialit\u00e9 du tiers, via le lien de d\u00e9sinscription s&rsquo;il est explicitement pr\u00e9vu ou en contactant directement le tiers.<br \/>\nPour obtenir des informations sur les cookies stock\u00e9s sur votre terminal et Pour les d\u00e9sactiver<br \/>\nindividuellement, veuillez vous r\u00e9f\u00e9rer au lien\u00a0:<br \/>\n<a href=\"http:\/\/www.youronlinechoices.com\/it\/le-tue-scelte\" target=\"_blank\" rel=\"noopener noreferrer\"><strong>http:\/\/www.youronlinechoices.com\/it\/le-tue-scelte<\/strong><\/a><\/p>\n","protected":false},"excerpt":{"rendered":"<p>Politique relative aux cookies Les cookies tiers, ainsi que les liens permettant \u00e0 l&rsquo;utilisateur d&rsquo;obtenir plus d&rsquo;informations et de demander leur d\u00e9sactivation, sont list\u00e9s dans la<span class=\"excerpt-hellip\"> [\u2026]<\/span><\/p>\n","protected":false},"author":2,"featured_media":0,"parent":0,"menu_order":0,"comment_status":"closed","ping_status":"open","template":"","meta":{"_acf_changed":false,"footnotes":""},"class_list":["post-1218","page","type-page","status-publish","hentry"],"acf":[],"yoast_head":"<!-- This site is optimized with the Yoast SEO plugin v26.2 - https:\/\/yoast.com\/wordpress\/plugins\/seo\/ -->\n<title>Cookie Policy | Criogel<\/title>\n<meta name=\"robots\" content=\"noindex, nofollow\" \/>\n<meta property=\"og:locale\" content=\"fr_FR\" \/>\n<meta property=\"og:type\" content=\"article\" \/>\n<meta property=\"og:title\" content=\"Cookie Policy | Criogel\" \/>\n<meta property=\"og:description\" content=\"Politique relative aux cookies Les cookies tiers, ainsi que les liens permettant \u00e0 l&rsquo;utilisateur d&rsquo;obtenir plus d&rsquo;informations et de demander leur d\u00e9sactivation, sont list\u00e9s dans la [\u2026]\" \/>\n<meta property=\"og:url\" content=\"https:\/\/www.criogel.it\/fr\/cookie-policy\/\" \/>\n<meta property=\"og:site_name\" content=\"Criogel\" \/>\n<meta property=\"article:modified_time\" content=\"2025-10-22T10:07:42+00:00\" \/>\n<meta name=\"twitter:card\" content=\"summary_large_image\" \/>\n<meta name=\"twitter:label1\" content=\"Dur\u00e9e de lecture estim\u00e9e\" \/>\n\t<meta name=\"twitter:data1\" content=\"2 minutes\" \/>\n<script type=\"application\/ld+json\" class=\"yoast-schema-graph\">{\"@context\":\"https:\/\/schema.org\",\"@graph\":[{\"@type\":\"WebPage\",\"@id\":\"https:\/\/www.criogel.it\/fr\/cookie-policy\/\",\"url\":\"https:\/\/www.criogel.it\/fr\/cookie-policy\/\",\"name\":\"Cookie Policy | Criogel\",\"isPartOf\":{\"@id\":\"https:\/\/www.criogel.it\/fr\/#website\"},\"datePublished\":\"2020-07-13T09:49:47+00:00\",\"dateModified\":\"2025-10-22T10:07:42+00:00\",\"breadcrumb\":{\"@id\":\"https:\/\/www.criogel.it\/fr\/cookie-policy\/#breadcrumb\"},\"inLanguage\":\"fr-FR\",\"potentialAction\":[{\"@type\":\"ReadAction\",\"target\":[\"https:\/\/www.criogel.it\/fr\/cookie-policy\/\"]}]},{\"@type\":\"BreadcrumbList\",\"@id\":\"https:\/\/www.criogel.it\/fr\/cookie-policy\/#breadcrumb\",\"itemListElement\":[{\"@type\":\"ListItem\",\"position\":1,\"name\":\"Home\",\"item\":\"https:\/\/www.criogel.it\/fr\/\"},{\"@type\":\"ListItem\",\"position\":2,\"name\":\"Cookie Policy\"}]},{\"@type\":\"WebSite\",\"@id\":\"https:\/\/www.criogel.it\/fr\/#website\",\"url\":\"https:\/\/www.criogel.it\/fr\/\",\"name\":\"Criogel\",\"description\":\"Cold Rooms | Pure Polyurethane Sheets\",\"publisher\":{\"@id\":\"https:\/\/www.criogel.it\/fr\/#organization\"},\"potentialAction\":[{\"@type\":\"SearchAction\",\"target\":{\"@type\":\"EntryPoint\",\"urlTemplate\":\"https:\/\/www.criogel.it\/fr\/?s={search_term_string}\"},\"query-input\":{\"@type\":\"PropertyValueSpecification\",\"valueRequired\":true,\"valueName\":\"search_term_string\"}}],\"inLanguage\":\"fr-FR\"},{\"@type\":\"Organization\",\"@id\":\"https:\/\/www.criogel.it\/fr\/#organization\",\"name\":\"Criogel S.r.l.\",\"url\":\"https:\/\/www.criogel.it\/fr\/\",\"logo\":{\"@type\":\"ImageObject\",\"inLanguage\":\"fr-FR\",\"@id\":\"https:\/\/www.criogel.it\/fr\/#\/schema\/logo\/image\/\",\"url\":\"https:\/\/www.criogel.it\/wp-content\/uploads\/2020\/04\/Logo_Criogel.jpg\",\"contentUrl\":\"https:\/\/www.criogel.it\/wp-content\/uploads\/2020\/04\/Logo_Criogel.jpg\",\"width\":350,\"height\":120,\"caption\":\"Criogel S.r.l.\"},\"image\":{\"@id\":\"https:\/\/www.criogel.it\/fr\/#\/schema\/logo\/image\/\"}}]}<\/script>\n<!-- \/ Yoast SEO plugin. -->","yoast_head_json":{"title":"Cookie Policy | Criogel","robots":{"index":"noindex","follow":"nofollow"},"og_locale":"fr_FR","og_type":"article","og_title":"Cookie Policy | Criogel","og_description":"Politique relative aux cookies Les cookies tiers, ainsi que les liens permettant \u00e0 l&rsquo;utilisateur d&rsquo;obtenir plus d&rsquo;informations et de demander leur d\u00e9sactivation, sont list\u00e9s dans la [\u2026]","og_url":"https:\/\/www.criogel.it\/fr\/cookie-policy\/","og_site_name":"Criogel","article_modified_time":"2025-10-22T10:07:42+00:00","twitter_card":"summary_large_image","twitter_misc":{"Dur\u00e9e de lecture estim\u00e9e":"2 minutes"},"schema":{"@context":"https:\/\/schema.org","@graph":[{"@type":"WebPage","@id":"https:\/\/www.criogel.it\/fr\/cookie-policy\/","url":"https:\/\/www.criogel.it\/fr\/cookie-policy\/","name":"Cookie Policy | Criogel","isPartOf":{"@id":"https:\/\/www.criogel.it\/fr\/#website"},"datePublished":"2020-07-13T09:49:47+00:00","dateModified":"2025-10-22T10:07:42+00:00","breadcrumb":{"@id":"https:\/\/www.criogel.it\/fr\/cookie-policy\/#breadcrumb"},"inLanguage":"fr-FR","potentialAction":[{"@type":"ReadAction","target":["https:\/\/www.criogel.it\/fr\/cookie-policy\/"]}]},{"@type":"BreadcrumbList","@id":"https:\/\/www.criogel.it\/fr\/cookie-policy\/#breadcrumb","itemListElement":[{"@type":"ListItem","position":1,"name":"Home","item":"https:\/\/www.criogel.it\/fr\/"},{"@type":"ListItem","position":2,"name":"Cookie Policy"}]},{"@type":"WebSite","@id":"https:\/\/www.criogel.it\/fr\/#website","url":"https:\/\/www.criogel.it\/fr\/","name":"Criogel","description":"Cold Rooms | Pure Polyurethane Sheets","publisher":{"@id":"https:\/\/www.criogel.it\/fr\/#organization"},"potentialAction":[{"@type":"SearchAction","target":{"@type":"EntryPoint","urlTemplate":"https:\/\/www.criogel.it\/fr\/?s={search_term_string}"},"query-input":{"@type":"PropertyValueSpecification","valueRequired":true,"valueName":"search_term_string"}}],"inLanguage":"fr-FR"},{"@type":"Organization","@id":"https:\/\/www.criogel.it\/fr\/#organization","name":"Criogel S.r.l.","url":"https:\/\/www.criogel.it\/fr\/","logo":{"@type":"ImageObject","inLanguage":"fr-FR","@id":"https:\/\/www.criogel.it\/fr\/#\/schema\/logo\/image\/","url":"https:\/\/www.criogel.it\/wp-content\/uploads\/2020\/04\/Logo_Criogel.jpg","contentUrl":"https:\/\/www.criogel.it\/wp-content\/uploads\/2020\/04\/Logo_Criogel.jpg","width":350,"height":120,"caption":"Criogel S.r.l."},"image":{"@id":"https:\/\/www.criogel.it\/fr\/#\/schema\/logo\/image\/"}}]}},"_links":{"self":[{"href":"https:\/\/www.criogel.it\/fr\/wp-json\/wp\/v2\/pages\/1218","targetHints":{"allow":["GET"]}}],"collection":[{"href":"https:\/\/www.criogel.it\/fr\/wp-json\/wp\/v2\/pages"}],"about":[{"href":"https:\/\/www.criogel.it\/fr\/wp-json\/wp\/v2\/types\/page"}],"author":[{"embeddable":true,"href":"https:\/\/www.criogel.it\/fr\/wp-json\/wp\/v2\/users\/2"}],"replies":[{"embeddable":true,"href":"https:\/\/www.criogel.it\/fr\/wp-json\/wp\/v2\/comments?post=1218"}],"version-history":[{"count":1,"href":"https:\/\/www.criogel.it\/fr\/wp-json\/wp\/v2\/pages\/1218\/revisions"}],"predecessor-version":[{"id":1219,"href":"https:\/\/www.criogel.it\/fr\/wp-json\/wp\/v2\/pages\/1218\/revisions\/1219"}],"wp:attachment":[{"href":"https:\/\/www.criogel.it\/fr\/wp-json\/wp\/v2\/media?parent=1218"}],"curies":[{"name":"wp","href":"https:\/\/api.w.org\/{rel}","templated":true}]}}